{"id":402,"date":"2024-05-27T16:17:41","date_gmt":"2024-05-27T14:17:41","guid":{"rendered":"https:\/\/www.collezionerichiedei.it\/die-sammlung\/"},"modified":"2024-09-06T19:22:24","modified_gmt":"2024-09-06T17:22:24","slug":"die-sammlung","status":"publish","type":"page","link":"https:\/\/www.collezionerichiedei.it\/de\/die-sammlung\/","title":{"rendered":"DIE SAMMLUNG"},"content":{"rendered":"\n<div class=\"wp-block-columns is-layout-flex wp-container-core-columns-is-layout-1 wp-block-columns-is-layout-flex\">\n<div class=\"wp-block-column is-layout-flow wp-block-column-is-layout-flow\">\n<p>Bierkr\u00fcgen <br\/>Bechern <br\/>Stielgl\u00e4sern <br\/>Gl\u00e4sern <br\/>Kelchen <br\/>Liebeskelchen <br\/>Burgundgl\u00e4ser <br\/>Kovsch <br\/>Teefiltern <br\/>Weinfiltern <br\/>Trichtern <br\/>Menages <br\/>Salzstreuern <br\/>Kochkesseln <br\/>Legumiere <br\/>W\u00f6chnerinnentassen <br\/>Suppensch\u00fcsseln <br\/>Tellern <br\/>Schmuckteller<br\/>Tabletts <br\/>Saucieren <br\/>Etageren <br\/>Tafelaufs\u00e4tzen <\/p>\n<\/div>\n\n\n\n<div class=\"wp-block-column is-layout-flow wp-block-column-is-layout-flow\">\n<p>eperne <br\/>Zahnstocherhaltern <br\/>Tafelbesteck <br\/>Komplettem Geschirr mit passender Aufbewahrung f\u00fcr Besteck<br\/>Glasuntersetzern<br\/>Flaschenuntersetzern<br\/>K\u00f6rben <br\/>Kaffeekannen <br\/>Schokoladenkannen <br\/>Milchkannen <br\/>Zuckerdosen <br\/>Espressotassen <br\/>Trembleusen <br\/>Samovar <br\/>Fontana <br\/>Sch\u00fcsseln <br\/>Becken <br\/>Waschsch\u00fcsseln <br\/>Ausgie\u00dfern <br\/>Mostardiera <br\/>Kompottschalen <br\/>Kerzenst\u00e4ndern<\/p>\n<\/div>\n\n\n\n<div class=\"wp-block-column is-layout-flow wp-block-column-is-layout-flow\">\n<p>Kerzenleuchtern <br\/>Handleuchtern<br\/>Palmatoria <br\/>H\u00e4ngelampen <br\/>Weihwasserbecken <br\/>Kruzifixen <br\/>Schatullen <br\/>Hochzeitsschatullen <br\/>Vasen <br\/>Weink\u00fchlern<br\/>D\u00f6schen <br\/>Vinaigrette <br\/>Babynahrungsboxen <br\/>Mantelverschl\u00fcssen <br\/>G\u00fcrtelschnallen <br\/>Handtaschenverschl\u00fcssen <br\/>Abendhandtaschen <br\/>Agori <br\/>Eiern <br\/>Schnupftabakdosen <br\/>Feuerschalen<br\/>Schreibbesteck<\/p>\n<\/div>\n<\/div>\n\n<p><\/p>\n","protected":false},"excerpt":{"rendered":"<p>Bierkr\u00fcgen Bechern Stielgl\u00e4sern Gl\u00e4sern Kelchen Liebeskelchen Burgundgl\u00e4ser Kovsch Teefiltern Weinfiltern Trichtern Menages Salzstreuern Kochkesseln Legumiere W\u00f6chnerinnentassen Suppensch\u00fcsseln Tellern SchmucktellerTabletts Saucieren [&hellip;]<\/p>\n","protected":false},"author":1,"featured_media":0,"parent":0,"menu_order":0,"comment_status":"closed","ping_status":"closed","template":"collezione-page.php","meta":{"_acf_changed":false,"footnotes":""},"class_list":["post-402","page","type-page","status-publish","hentry"],"acf":[],"yoast_head":"<!-- This site is optimized with the Yoast SEO plugin v23.1 - https:\/\/yoast.com\/wordpress\/plugins\/seo\/ -->\n<title>DIE SAMMLUNG - Collezione argenti Richiedei<\/title>\n<meta name=\"robots\" content=\"index, follow, max-snippet:-1, max-image-preview:large, max-video-preview:-1\" \/>\n<link rel=\"canonical\" href=\"https:\/\/www.collezionerichiedei.it\/de\/die-sammlung\/\" \/>\n<meta property=\"og:locale\" content=\"de_DE\" \/>\n<meta property=\"og:type\" content=\"article\" \/>\n<meta property=\"og:title\" content=\"DIE SAMMLUNG - Collezione argenti Richiedei\" \/>\n<meta property=\"og:description\" content=\"Bierkr\u00fcgen Bechern Stielgl\u00e4sern Gl\u00e4sern Kelchen Liebeskelchen Burgundgl\u00e4ser Kovsch Teefiltern Weinfiltern Trichtern Menages Salzstreuern Kochkesseln Legumiere W\u00f6chnerinnentassen Suppensch\u00fcsseln Tellern SchmucktellerTabletts Saucieren [&hellip;]\" \/>\n<meta property=\"og:url\" content=\"https:\/\/www.collezionerichiedei.it\/de\/die-sammlung\/\" \/>\n<meta property=\"og:site_name\" content=\"Collezione argenti Richiedei\" \/>\n<meta property=\"article:publisher\" content=\"https:\/\/www.facebook.com\/profile.php?id=61561968177517\" \/>\n<meta property=\"article:modified_time\" content=\"2024-09-06T17:22:24+00:00\" \/>\n<meta name=\"twitter:card\" content=\"summary_large_image\" \/>\n<script type=\"application\/ld+json\" class=\"yoast-schema-graph\">{\"@context\":\"https:\/\/schema.org\",\"@graph\":[{\"@type\":\"WebPage\",\"@id\":\"https:\/\/www.collezionerichiedei.it\/de\/die-sammlung\/\",\"url\":\"https:\/\/www.collezionerichiedei.it\/de\/die-sammlung\/\",\"name\":\"DIE SAMMLUNG - Collezione argenti Richiedei\",\"isPartOf\":{\"@id\":\"https:\/\/www.collezionerichiedei.it\/de\/#website\"},\"datePublished\":\"2024-05-27T14:17:41+00:00\",\"dateModified\":\"2024-09-06T17:22:24+00:00\",\"breadcrumb\":{\"@id\":\"https:\/\/www.collezionerichiedei.it\/de\/die-sammlung\/#breadcrumb\"},\"inLanguage\":\"de\",\"potentialAction\":[{\"@type\":\"ReadAction\",\"target\":[\"https:\/\/www.collezionerichiedei.it\/de\/die-sammlung\/\"]}]},{\"@type\":\"BreadcrumbList\",\"@id\":\"https:\/\/www.collezionerichiedei.it\/de\/die-sammlung\/#breadcrumb\",\"itemListElement\":[{\"@type\":\"ListItem\",\"position\":1,\"name\":\"Home\",\"item\":\"https:\/\/www.collezionerichiedei.it\/de\/\"},{\"@type\":\"ListItem\",\"position\":2,\"name\":\"DIE SAMMLUNG\"}]},{\"@type\":\"WebSite\",\"@id\":\"https:\/\/www.collezionerichiedei.it\/de\/#website\",\"url\":\"https:\/\/www.collezionerichiedei.it\/de\/\",\"name\":\"Collezione argenti Richiedei\",\"description\":\"\",\"publisher\":{\"@id\":\"https:\/\/www.collezionerichiedei.it\/de\/#organization\"},\"potentialAction\":[{\"@type\":\"SearchAction\",\"target\":{\"@type\":\"EntryPoint\",\"urlTemplate\":\"https:\/\/www.collezionerichiedei.it\/de\/?s={search_term_string}\"},\"query-input\":\"required name=search_term_string\"}],\"inLanguage\":\"de\"},{\"@type\":\"Organization\",\"@id\":\"https:\/\/www.collezionerichiedei.it\/de\/#organization\",\"name\":\"Collezione argenti Richiedei\",\"url\":\"https:\/\/www.collezionerichiedei.it\/de\/\",\"logo\":{\"@type\":\"ImageObject\",\"inLanguage\":\"de\",\"@id\":\"https:\/\/www.collezionerichiedei.it\/de\/#\/schema\/logo\/image\/\",\"url\":\"https:\/\/www.collezionerichiedei.it\/wp-content\/uploads\/2024\/07\/logo-fb.png\",\"contentUrl\":\"https:\/\/www.collezionerichiedei.it\/wp-content\/uploads\/2024\/07\/logo-fb.png\",\"width\":600,\"height\":400,\"caption\":\"Collezione argenti Richiedei\"},\"image\":{\"@id\":\"https:\/\/www.collezionerichiedei.it\/de\/#\/schema\/logo\/image\/\"},\"sameAs\":[\"https:\/\/www.facebook.com\/profile.php?id=61561968177517\"]}]}<\/script>\n<!-- \/ Yoast SEO plugin. -->","yoast_head_json":{"title":"DIE SAMMLUNG - Collezione argenti Richiedei","robots":{"index":"index","follow":"follow","max-snippet":"max-snippet:-1","max-image-preview":"max-image-preview:large","max-video-preview":"max-video-preview:-1"},"canonical":"https:\/\/www.collezionerichiedei.it\/de\/die-sammlung\/","og_locale":"de_DE","og_type":"article","og_title":"DIE SAMMLUNG - Collezione argenti Richiedei","og_description":"Bierkr\u00fcgen Bechern Stielgl\u00e4sern Gl\u00e4sern Kelchen Liebeskelchen Burgundgl\u00e4ser Kovsch Teefiltern Weinfiltern Trichtern Menages Salzstreuern Kochkesseln Legumiere W\u00f6chnerinnentassen Suppensch\u00fcsseln Tellern SchmucktellerTabletts Saucieren [&hellip;]","og_url":"https:\/\/www.collezionerichiedei.it\/de\/die-sammlung\/","og_site_name":"Collezione argenti Richiedei","article_publisher":"https:\/\/www.facebook.com\/profile.php?id=61561968177517","article_modified_time":"2024-09-06T17:22:24+00:00","twitter_card":"summary_large_image","schema":{"@context":"https:\/\/schema.org","@graph":[{"@type":"WebPage","@id":"https:\/\/www.collezionerichiedei.it\/de\/die-sammlung\/","url":"https:\/\/www.collezionerichiedei.it\/de\/die-sammlung\/","name":"DIE SAMMLUNG - Collezione argenti Richiedei","isPartOf":{"@id":"https:\/\/www.collezionerichiedei.it\/de\/#website"},"datePublished":"2024-05-27T14:17:41+00:00","dateModified":"2024-09-06T17:22:24+00:00","breadcrumb":{"@id":"https:\/\/www.collezionerichiedei.it\/de\/die-sammlung\/#breadcrumb"},"inLanguage":"de","potentialAction":[{"@type":"ReadAction","target":["https:\/\/www.collezionerichiedei.it\/de\/die-sammlung\/"]}]},{"@type":"BreadcrumbList","@id":"https:\/\/www.collezionerichiedei.it\/de\/die-sammlung\/#breadcrumb","itemListElement":[{"@type":"ListItem","position":1,"name":"Home","item":"https:\/\/www.collezionerichiedei.it\/de\/"},{"@type":"ListItem","position":2,"name":"DIE SAMMLUNG"}]},{"@type":"WebSite","@id":"https:\/\/www.collezionerichiedei.it\/de\/#website","url":"https:\/\/www.collezionerichiedei.it\/de\/","name":"Collezione argenti Richiedei","description":"","publisher":{"@id":"https:\/\/www.collezionerichiedei.it\/de\/#organization"},"potentialAction":[{"@type":"SearchAction","target":{"@type":"EntryPoint","urlTemplate":"https:\/\/www.collezionerichiedei.it\/de\/?s={search_term_string}"},"query-input":"required name=search_term_string"}],"inLanguage":"de"},{"@type":"Organization","@id":"https:\/\/www.collezionerichiedei.it\/de\/#organization","name":"Collezione argenti Richiedei","url":"https:\/\/www.collezionerichiedei.it\/de\/","logo":{"@type":"ImageObject","inLanguage":"de","@id":"https:\/\/www.collezionerichiedei.it\/de\/#\/schema\/logo\/image\/","url":"https:\/\/www.collezionerichiedei.it\/wp-content\/uploads\/2024\/07\/logo-fb.png","contentUrl":"https:\/\/www.collezionerichiedei.it\/wp-content\/uploads\/2024\/07\/logo-fb.png","width":600,"height":400,"caption":"Collezione argenti Richiedei"},"image":{"@id":"https:\/\/www.collezionerichiedei.it\/de\/#\/schema\/logo\/image\/"},"sameAs":["https:\/\/www.facebook.com\/profile.php?id=61561968177517"]}]}},"_links":{"self":[{"href":"https:\/\/www.collezionerichiedei.it\/de\/wp-json\/wp\/v2\/pages\/402","targetHints":{"allow":["GET"]}}],"collection":[{"href":"https:\/\/www.collezionerichiedei.it\/de\/wp-json\/wp\/v2\/pages"}],"about":[{"href":"https:\/\/www.collezionerichiedei.it\/de\/wp-json\/wp\/v2\/types\/page"}],"author":[{"embeddable":true,"href":"https:\/\/www.collezionerichiedei.it\/de\/wp-json\/wp\/v2\/users\/1"}],"replies":[{"embeddable":true,"href":"https:\/\/www.collezionerichiedei.it\/de\/wp-json\/wp\/v2\/comments?post=402"}],"version-history":[{"count":1,"href":"https:\/\/www.collezionerichiedei.it\/de\/wp-json\/wp\/v2\/pages\/402\/revisions"}],"predecessor-version":[{"id":403,"href":"https:\/\/www.collezionerichiedei.it\/de\/wp-json\/wp\/v2\/pages\/402\/revisions\/403"}],"wp:attachment":[{"href":"https:\/\/www.collezionerichiedei.it\/de\/wp-json\/wp\/v2\/media?parent=402"}],"curies":[{"name":"wp","href":"https:\/\/api.w.org\/{rel}","templated":true}]}}