{"id":400,"date":"2024-05-27T16:09:54","date_gmt":"2024-05-27T14:09:54","guid":{"rendered":"https:\/\/www.collezionerichiedei.it\/wer-bin-ich\/"},"modified":"2024-09-06T16:20:44","modified_gmt":"2024-09-06T14:20:44","slug":"wer-bin-ich","status":"publish","type":"page","link":"https:\/\/www.collezionerichiedei.it\/de\/wer-bin-ich\/","title":{"rendered":"WER BIN ICH"},"content":{"rendered":"\n<p>Una collezione spesso inizia per caso: passeggiando distrattamente il nostro sguardo cade su un oggetto ed \u00e8 subito un colpo di fulmine, e quello sar\u00e0 il primo di tanti altri. Ed \u00e8 cosi che \u00e8 cominciata la mia passione per gli argenti antichi, per caso, in un mercato dove sono stato colpito da un calice vittoriano. <\/p>\n\n<p>Mi sono reso conto da subito che per me questi oggetti hanno un <strong>valore sentimentale.<\/strong><br\/>Girare un po\u2019 ovunque tra mercatini, fiere e negozi a volte a caccia di qualcosa di specifico, altre volte con la voglia di lasciarsi sorprendere dal destino e trovare quel <em>pezzo speciale <\/em>di cui innamorarsi. <br\/>La vera scintilla non sta nell\u2019aggiungere un nuovo pezzo alla mia collezione, ma nella sua ricerca e nel riconoscimento di un pezzo di valore.<\/p>\n","protected":false},"excerpt":{"rendered":"<p>Una collezione spesso inizia per caso: passeggiando distrattamente il nostro sguardo cade su un oggetto ed \u00e8 subito un colpo [&hellip;]<\/p>\n","protected":false},"author":1,"featured_media":191,"parent":0,"menu_order":0,"comment_status":"closed","ping_status":"closed","template":"about-page.php","meta":{"_acf_changed":false,"footnotes":""},"class_list":["post-400","page","type-page","status-publish","has-post-thumbnail","hentry"],"acf":[],"yoast_head":"<!-- This site is optimized with the Yoast SEO plugin v23.1 - https:\/\/yoast.com\/wordpress\/plugins\/seo\/ -->\n<title>WER BIN ICH - Collezione argenti Richiedei<\/title>\n<meta name=\"robots\" content=\"index, follow, max-snippet:-1, max-image-preview:large, max-video-preview:-1\" \/>\n<link rel=\"canonical\" href=\"https:\/\/www.collezionerichiedei.it\/de\/wer-bin-ich\/\" \/>\n<meta property=\"og:locale\" content=\"de_DE\" \/>\n<meta property=\"og:type\" content=\"article\" \/>\n<meta property=\"og:title\" content=\"WER BIN ICH - Collezione argenti Richiedei\" \/>\n<meta property=\"og:description\" content=\"Una collezione spesso inizia per caso: passeggiando distrattamente il nostro sguardo cade su un oggetto ed \u00e8 subito un colpo [&hellip;]\" \/>\n<meta property=\"og:url\" content=\"https:\/\/www.collezionerichiedei.it\/de\/wer-bin-ich\/\" \/>\n<meta property=\"og:site_name\" content=\"Collezione argenti Richiedei\" \/>\n<meta property=\"article:publisher\" content=\"https:\/\/www.facebook.com\/profile.php?id=61561968177517\" \/>\n<meta property=\"article:modified_time\" content=\"2024-09-06T14:20:44+00:00\" \/>\n<meta property=\"og:image\" content=\"https:\/\/www.collezionerichiedei.it\/wp-content\/uploads\/2024\/05\/richiedei.jpg\" \/>\n\t<meta property=\"og:image:width\" content=\"600\" \/>\n\t<meta property=\"og:image:height\" content=\"500\" \/>\n\t<meta property=\"og:image:type\" content=\"image\/jpeg\" \/>\n<meta name=\"twitter:card\" content=\"summary_large_image\" \/>\n<meta name=\"twitter:label1\" content=\"Gesch\u00e4tzte Lesezeit\" \/>\n\t<meta name=\"twitter:data1\" content=\"1 Minute\" \/>\n<script type=\"application\/ld+json\" class=\"yoast-schema-graph\">{\"@context\":\"https:\/\/schema.org\",\"@graph\":[{\"@type\":\"WebPage\",\"@id\":\"https:\/\/www.collezionerichiedei.it\/de\/wer-bin-ich\/\",\"url\":\"https:\/\/www.collezionerichiedei.it\/de\/wer-bin-ich\/\",\"name\":\"WER BIN ICH - Collezione argenti Richiedei\",\"isPartOf\":{\"@id\":\"https:\/\/www.collezionerichiedei.it\/de\/#website\"},\"primaryImageOfPage\":{\"@id\":\"https:\/\/www.collezionerichiedei.it\/de\/wer-bin-ich\/#primaryimage\"},\"image\":{\"@id\":\"https:\/\/www.collezionerichiedei.it\/de\/wer-bin-ich\/#primaryimage\"},\"thumbnailUrl\":\"https:\/\/www.collezionerichiedei.it\/wp-content\/uploads\/2024\/05\/richiedei.jpg\",\"datePublished\":\"2024-05-27T14:09:54+00:00\",\"dateModified\":\"2024-09-06T14:20:44+00:00\",\"breadcrumb\":{\"@id\":\"https:\/\/www.collezionerichiedei.it\/de\/wer-bin-ich\/#breadcrumb\"},\"inLanguage\":\"de\",\"potentialAction\":[{\"@type\":\"ReadAction\",\"target\":[\"https:\/\/www.collezionerichiedei.it\/de\/wer-bin-ich\/\"]}]},{\"@type\":\"ImageObject\",\"inLanguage\":\"de\",\"@id\":\"https:\/\/www.collezionerichiedei.it\/de\/wer-bin-ich\/#primaryimage\",\"url\":\"https:\/\/www.collezionerichiedei.it\/wp-content\/uploads\/2024\/05\/richiedei.jpg\",\"contentUrl\":\"https:\/\/www.collezionerichiedei.it\/wp-content\/uploads\/2024\/05\/richiedei.jpg\",\"width\":600,\"height\":500},{\"@type\":\"BreadcrumbList\",\"@id\":\"https:\/\/www.collezionerichiedei.it\/de\/wer-bin-ich\/#breadcrumb\",\"itemListElement\":[{\"@type\":\"ListItem\",\"position\":1,\"name\":\"Home\",\"item\":\"https:\/\/www.collezionerichiedei.it\/de\/\"},{\"@type\":\"ListItem\",\"position\":2,\"name\":\"WER BIN ICH\"}]},{\"@type\":\"WebSite\",\"@id\":\"https:\/\/www.collezionerichiedei.it\/de\/#website\",\"url\":\"https:\/\/www.collezionerichiedei.it\/de\/\",\"name\":\"Collezione argenti Richiedei\",\"description\":\"\",\"publisher\":{\"@id\":\"https:\/\/www.collezionerichiedei.it\/de\/#organization\"},\"potentialAction\":[{\"@type\":\"SearchAction\",\"target\":{\"@type\":\"EntryPoint\",\"urlTemplate\":\"https:\/\/www.collezionerichiedei.it\/de\/?s={search_term_string}\"},\"query-input\":\"required name=search_term_string\"}],\"inLanguage\":\"de\"},{\"@type\":\"Organization\",\"@id\":\"https:\/\/www.collezionerichiedei.it\/de\/#organization\",\"name\":\"Collezione argenti Richiedei\",\"url\":\"https:\/\/www.collezionerichiedei.it\/de\/\",\"logo\":{\"@type\":\"ImageObject\",\"inLanguage\":\"de\",\"@id\":\"https:\/\/www.collezionerichiedei.it\/de\/#\/schema\/logo\/image\/\",\"url\":\"https:\/\/www.collezionerichiedei.it\/wp-content\/uploads\/2024\/07\/logo-fb.png\",\"contentUrl\":\"https:\/\/www.collezionerichiedei.it\/wp-content\/uploads\/2024\/07\/logo-fb.png\",\"width\":600,\"height\":400,\"caption\":\"Collezione argenti Richiedei\"},\"image\":{\"@id\":\"https:\/\/www.collezionerichiedei.it\/de\/#\/schema\/logo\/image\/\"},\"sameAs\":[\"https:\/\/www.facebook.com\/profile.php?id=61561968177517\"]}]}<\/script>\n<!-- \/ Yoast SEO plugin. -->","yoast_head_json":{"title":"WER BIN ICH - Collezione argenti Richiedei","robots":{"index":"index","follow":"follow","max-snippet":"max-snippet:-1","max-image-preview":"max-image-preview:large","max-video-preview":"max-video-preview:-1"},"canonical":"https:\/\/www.collezionerichiedei.it\/de\/wer-bin-ich\/","og_locale":"de_DE","og_type":"article","og_title":"WER BIN ICH - Collezione argenti Richiedei","og_description":"Una collezione spesso inizia per caso: passeggiando distrattamente il nostro sguardo cade su un oggetto ed \u00e8 subito un colpo [&hellip;]","og_url":"https:\/\/www.collezionerichiedei.it\/de\/wer-bin-ich\/","og_site_name":"Collezione argenti Richiedei","article_publisher":"https:\/\/www.facebook.com\/profile.php?id=61561968177517","article_modified_time":"2024-09-06T14:20:44+00:00","og_image":[{"width":600,"height":500,"url":"https:\/\/www.collezionerichiedei.it\/wp-content\/uploads\/2024\/05\/richiedei.jpg","type":"image\/jpeg"}],"twitter_card":"summary_large_image","twitter_misc":{"Gesch\u00e4tzte Lesezeit":"1 Minute"},"schema":{"@context":"https:\/\/schema.org","@graph":[{"@type":"WebPage","@id":"https:\/\/www.collezionerichiedei.it\/de\/wer-bin-ich\/","url":"https:\/\/www.collezionerichiedei.it\/de\/wer-bin-ich\/","name":"WER BIN ICH - Collezione argenti Richiedei","isPartOf":{"@id":"https:\/\/www.collezionerichiedei.it\/de\/#website"},"primaryImageOfPage":{"@id":"https:\/\/www.collezionerichiedei.it\/de\/wer-bin-ich\/#primaryimage"},"image":{"@id":"https:\/\/www.collezionerichiedei.it\/de\/wer-bin-ich\/#primaryimage"},"thumbnailUrl":"https:\/\/www.collezionerichiedei.it\/wp-content\/uploads\/2024\/05\/richiedei.jpg","datePublished":"2024-05-27T14:09:54+00:00","dateModified":"2024-09-06T14:20:44+00:00","breadcrumb":{"@id":"https:\/\/www.collezionerichiedei.it\/de\/wer-bin-ich\/#breadcrumb"},"inLanguage":"de","potentialAction":[{"@type":"ReadAction","target":["https:\/\/www.collezionerichiedei.it\/de\/wer-bin-ich\/"]}]},{"@type":"ImageObject","inLanguage":"de","@id":"https:\/\/www.collezionerichiedei.it\/de\/wer-bin-ich\/#primaryimage","url":"https:\/\/www.collezionerichiedei.it\/wp-content\/uploads\/2024\/05\/richiedei.jpg","contentUrl":"https:\/\/www.collezionerichiedei.it\/wp-content\/uploads\/2024\/05\/richiedei.jpg","width":600,"height":500},{"@type":"BreadcrumbList","@id":"https:\/\/www.collezionerichiedei.it\/de\/wer-bin-ich\/#breadcrumb","itemListElement":[{"@type":"ListItem","position":1,"name":"Home","item":"https:\/\/www.collezionerichiedei.it\/de\/"},{"@type":"ListItem","position":2,"name":"WER BIN ICH"}]},{"@type":"WebSite","@id":"https:\/\/www.collezionerichiedei.it\/de\/#website","url":"https:\/\/www.collezionerichiedei.it\/de\/","name":"Collezione argenti Richiedei","description":"","publisher":{"@id":"https:\/\/www.collezionerichiedei.it\/de\/#organization"},"potentialAction":[{"@type":"SearchAction","target":{"@type":"EntryPoint","urlTemplate":"https:\/\/www.collezionerichiedei.it\/de\/?s={search_term_string}"},"query-input":"required name=search_term_string"}],"inLanguage":"de"},{"@type":"Organization","@id":"https:\/\/www.collezionerichiedei.it\/de\/#organization","name":"Collezione argenti Richiedei","url":"https:\/\/www.collezionerichiedei.it\/de\/","logo":{"@type":"ImageObject","inLanguage":"de","@id":"https:\/\/www.collezionerichiedei.it\/de\/#\/schema\/logo\/image\/","url":"https:\/\/www.collezionerichiedei.it\/wp-content\/uploads\/2024\/07\/logo-fb.png","contentUrl":"https:\/\/www.collezionerichiedei.it\/wp-content\/uploads\/2024\/07\/logo-fb.png","width":600,"height":400,"caption":"Collezione argenti Richiedei"},"image":{"@id":"https:\/\/www.collezionerichiedei.it\/de\/#\/schema\/logo\/image\/"},"sameAs":["https:\/\/www.facebook.com\/profile.php?id=61561968177517"]}]}},"_links":{"self":[{"href":"https:\/\/www.collezionerichiedei.it\/de\/wp-json\/wp\/v2\/pages\/400","targetHints":{"allow":["GET"]}}],"collection":[{"href":"https:\/\/www.collezionerichiedei.it\/de\/wp-json\/wp\/v2\/pages"}],"about":[{"href":"https:\/\/www.collezionerichiedei.it\/de\/wp-json\/wp\/v2\/types\/page"}],"author":[{"embeddable":true,"href":"https:\/\/www.collezionerichiedei.it\/de\/wp-json\/wp\/v2\/users\/1"}],"replies":[{"embeddable":true,"href":"https:\/\/www.collezionerichiedei.it\/de\/wp-json\/wp\/v2\/comments?post=400"}],"version-history":[{"count":1,"href":"https:\/\/www.collezionerichiedei.it\/de\/wp-json\/wp\/v2\/pages\/400\/revisions"}],"predecessor-version":[{"id":401,"href":"https:\/\/www.collezionerichiedei.it\/de\/wp-json\/wp\/v2\/pages\/400\/revisions\/401"}],"wp:featuredmedia":[{"embeddable":true,"href":"https:\/\/www.collezionerichiedei.it\/de\/wp-json\/wp\/v2\/media\/191"}],"wp:attachment":[{"href":"https:\/\/www.collezionerichiedei.it\/de\/wp-json\/wp\/v2\/media?parent=400"}],"curies":[{"name":"wp","href":"https:\/\/api.w.org\/{rel}","templated":true}]}}